{"id":544,"date":"2023-05-02T19:31:41","date_gmt":"2023-05-02T22:31:41","guid":{"rendered":"https:\/\/moniquecarvalhocoach.com.br\/faq\/?page_id=544"},"modified":"2024-03-03T09:04:25","modified_gmt":"2024-03-03T12:04:25","slug":"programas","status":"publish","type":"page","link":"https:\/\/moniquecarvalhocoach.com.br\/faq\/index.php\/programas\/","title":{"rendered":"Programas"},"content":{"rendered":"\t\t<div data-elementor-type=\"wp-page\" data-elementor-id=\"544\" class=\"elementor elementor-544\" data-elementor-post-type=\"page\">\n\t\t\t\t\t\t\t\t\t<section class=\"elementor-section elementor-top-section elementor-element elementor-element-e8907cf elementor-section-boxed elementor-section-height-default elementor-section-height-default\" data-id=\"e8907cf\" data-element_type=\"section\" data-settings=\"{&quot;background_background&quot;:&quot;classic&quot;}\">\n\t\t\t\t\t\t<div class=\"elementor-container elementor-column-gap-default\">\n\t\t\t\t\t<div class=\"elementor-column elementor-col-100 elementor-top-column elementor-element elementor-element-055c60c\" data-id=\"055c60c\" data-element_type=\"column\">\n\t\t\t<div class=\"elementor-widget-wrap elementor-element-populated\">\n\t\t\t\t\t\t\t\t<div class=\"elementor-element elementor-element-22df5f1 elementor-widget elementor-widget-shortcode\" data-id=\"22df5f1\" data-element_type=\"widget\" data-widget_type=\"shortcode.default\">\n\t\t\t\t<div class=\"elementor-widget-container\">\n\t\t\t\t\t<div class=\"elementor-shortcode\"><div class=\"asl_w_container asl_w_container_1\">\r\n\t<div id='ajaxsearchlite1'\r\n\t\t data-id=\"1\"\r\n\t\t data-instance=\"1\"\r\n\t\t class=\"asl_w asl_m asl_m_1 asl_m_1_1\">\r\n\t\t<div class=\"probox\">\r\n\r\n\t\r\n\t<button class='promagnifier' aria-label=\"Search magnifier button\">\r\n\t\t\t\t<div class='innericon'>\r\n\t\t\t<svg version=\"1.1\" xmlns=\"http:\/\/www.w3.org\/2000\/svg\" xmlns:xlink=\"http:\/\/www.w3.org\/1999\/xlink\" x=\"0px\" y=\"0px\" width=\"22\" height=\"22\" viewBox=\"0 0 512 512\" enable-background=\"new 0 0 512 512\" xml:space=\"preserve\">\r\n\t\t\t\t\t<path d=\"M460.355,421.59L353.844,315.078c20.041-27.553,31.885-61.437,31.885-98.037\r\n\t\t\t\t\t\tC385.729,124.934,310.793,50,218.686,50C126.58,50,51.645,124.934,51.645,217.041c0,92.106,74.936,167.041,167.041,167.041\r\n\t\t\t\t\t\tc34.912,0,67.352-10.773,94.184-29.158L419.945,462L460.355,421.59z M100.631,217.041c0-65.096,52.959-118.056,118.055-118.056\r\n\t\t\t\t\t\tc65.098,0,118.057,52.959,118.057,118.056c0,65.096-52.959,118.056-118.057,118.056C153.59,335.097,100.631,282.137,100.631,217.041\r\n\t\t\t\t\t\tz\"\/>\r\n\t\t\t\t<\/svg>\r\n\t\t<\/div>\r\n\t<\/button>\r\n\r\n\t\r\n\t\r\n\t<div class='prosettings' style='display:none;' data-opened=0>\r\n\t\t\t\t<div class='innericon'>\r\n\t\t\t<svg version=\"1.1\" xmlns=\"http:\/\/www.w3.org\/2000\/svg\" xmlns:xlink=\"http:\/\/www.w3.org\/1999\/xlink\" x=\"0px\" y=\"0px\" width=\"22\" height=\"22\" viewBox=\"0 0 512 512\" enable-background=\"new 0 0 512 512\" xml:space=\"preserve\">\r\n\t\t\t\t\t<polygon transform = \"rotate(90 256 256)\" points=\"142.332,104.886 197.48,50 402.5,256 197.48,462 142.332,407.113 292.727,256 \"\/>\r\n\t\t\t\t<\/svg>\r\n\t\t<\/div>\r\n\t<\/div>\r\n\r\n\t\r\n\t\r\n\t<div class='proinput'>\r\n        <form role=\"search\" action='#' autocomplete=\"off\"\r\n\t\t\t  aria-label=\"Search form\">\r\n\t\t\t<input aria-label=\"Search input\"\r\n\t\t\t\t   type='search' class='orig'\r\n\t\t\t\t   name='phrase'\r\n\t\t\t\t   placeholder='Escreva sua d\u00favida aqui...'\r\n\t\t\t\t   value=''\r\n\t\t\t\t   autocomplete=\"off\"\/>\r\n\t\t\t<input aria-label=\"Search autocomplete input\"\r\n\t\t\t\t   type='text'\r\n\t\t\t\t   class='autocomplete'\r\n\t\t\t\t   tabindex=\"-1\"\r\n\t\t\t\t   name='phrase'\r\n\t\t\t\t   value=''\r\n\t\t\t\t   autocomplete=\"off\" disabled\/>\r\n\t\t\t<input type='submit' value=\"Start search\" style='width:0; height: 0; visibility: hidden;'>\r\n\t\t<\/form>\r\n\t<\/div>\r\n\r\n\t\r\n\t\r\n\t<div class='proloading'>\r\n\r\n\t\t<div class=\"asl_loader\"><div class=\"asl_loader-inner asl_simple-circle\"><\/div><\/div>\r\n\r\n\t\t\t<\/div>\r\n\r\n\t\t\t<div class='proclose'>\r\n\t\t\t<svg version=\"1.1\" xmlns=\"http:\/\/www.w3.org\/2000\/svg\" xmlns:xlink=\"http:\/\/www.w3.org\/1999\/xlink\" x=\"0px\"\r\n\t\t\t\t y=\"0px\"\r\n\t\t\t\t width=\"12\" height=\"12\" viewBox=\"0 0 512 512\" enable-background=\"new 0 0 512 512\"\r\n\t\t\t\t xml:space=\"preserve\">\r\n\t\t\t\t<polygon points=\"438.393,374.595 319.757,255.977 438.378,137.348 374.595,73.607 255.995,192.225 137.375,73.622 73.607,137.352 192.246,255.983 73.622,374.625 137.352,438.393 256.002,319.734 374.652,438.378 \"\/>\r\n\t\t\t<\/svg>\r\n\t\t<\/div>\r\n\t\r\n\t\r\n<\/div>\t<\/div>\r\n\t<div class='asl_data_container' style=\"display:none !important;\">\r\n\t\t<div class=\"asl_init_data wpdreams_asl_data_ct\"\r\n\t style=\"display:none !important;\"\r\n\t id=\"asl_init_id_1\"\r\n\t data-asl-id=\"1\"\r\n\t data-asl-instance=\"1\"\r\n\t data-asldata=\"ew0KCSJob21ldXJsIjogImh0dHBzOi8vbW9uaXF1ZWNhcnZhbGhvY29hY2guY29tLmJyL2ZhcS8iLA0KCSJyZXN1bHRzdHlwZSI6ICJ2ZXJ0aWNhbCIsDQoJInJlc3VsdHNwb3NpdGlvbiI6ICJob3ZlciIsDQoJIml0ZW1zY291bnQiOiA0LA0KCSJjaGFyY291bnQiOiAgMCwNCgkiaGlnaGxpZ2h0IjogMCwNCgkiaGlnaGxpZ2h0d2hvbGV3b3JkcyI6IDEsDQoJInNpbmdsZUhpZ2hsaWdodCI6IDAsDQoJInNjcm9sbFRvUmVzdWx0cyI6IHsNCgkJImVuYWJsZWQiOiAwLA0KCQkib2Zmc2V0IjogMA0KCX0sDQoJInJlc3VsdGFyZWFjbGlja2FibGUiOiAxLA0KCSJhdXRvY29tcGxldGUiOiB7DQoJCSJlbmFibGVkIiA6IDEsDQoJCSJsYW5nIiA6ICJlbiIsDQoJCSJ0cmlnZ2VyX2NoYXJjb3VudCIgOiAwDQoJfSwNCgkibW9iaWxlIjogew0KCQkibWVudV9zZWxlY3RvciI6ICIjbWVudS10b2dnbGUiDQoJfSwNCgkidHJpZ2dlciI6IHsNCgkJImNsaWNrIjogInJlc3VsdHNfcGFnZSIsDQoJCSJjbGlja19sb2NhdGlvbiI6ICJzYW1lIiwNCgkJInVwZGF0ZV9ocmVmIjogMCwNCgkJInJldHVybiI6ICJyZXN1bHRzX3BhZ2UiLA0KCQkicmV0dXJuX2xvY2F0aW9uIjogInNhbWUiLA0KCQkiZmFjZXQiOiAxLA0KCQkidHlwZSI6IDEsDQoJCSJyZWRpcmVjdF91cmwiOiAiP3M9e3BocmFzZX0iLA0KCQkiZGVsYXkiOiAzMDANCgl9LA0KICAgICJhbmltYXRpb25zIjogew0KICAgICAgICAicGMiOiB7DQogICAgICAgICAgICAic2V0dGluZ3MiOiB7DQogICAgICAgICAgICAgICAgImFuaW0iIDogImZhZGVkcm9wIiwNCiAgICAgICAgICAgICAgICAiZHVyIiAgOiAzMDANCiAgICAgICAgICAgIH0sDQogICAgICAgICAgICAicmVzdWx0cyIgOiB7DQoJCQkJImFuaW0iIDogImZhZGVkcm9wIiwNCgkJCQkiZHVyIiAgOiAzMDANCiAgICAgICAgICAgIH0sDQogICAgICAgICAgICAiaXRlbXMiIDogInZvaWRhbmltIg0KICAgICAgICB9LA0KICAgICAgICAibW9iIjogew0KICAgICAgICAgICAgInNldHRpbmdzIjogew0KICAgICAgICAgICAgICAgICJhbmltIiA6ICJmYWRlZHJvcCIsDQogICAgICAgICAgICAgICAgImR1ciIgIDogMzAwDQogICAgICAgICAgICB9LA0KICAgICAgICAgICAgInJlc3VsdHMiIDogew0KCQkJCSJhbmltIiA6ICJmYWRlZHJvcCIsDQoJCQkJImR1ciIgIDogMzAwDQogICAgICAgICAgICB9LA0KICAgICAgICAgICAgIml0ZW1zIiA6ICJ2b2lkYW5pbSINCiAgICAgICAgfQ0KICAgIH0sDQoJImF1dG9wIjogew0KCQkic3RhdGUiOiAiZGlzYWJsZWQiLA0KCQkicGhyYXNlIjogIiIsDQoJCSJjb3VudCI6IDEJfSwNCiAgICAicmVzUGFnZSI6IHsNCiAgICAgICAgInVzZUFqYXgiOiAwLA0KICAgICAgICAic2VsZWN0b3IiOiAiI21haW4iLA0KICAgICAgICAidHJpZ2dlcl90eXBlIjogMSwNCiAgICAgICAgInRyaWdnZXJfZmFjZXQiOiAxLA0KICAgICAgICAidHJpZ2dlcl9tYWduaWZpZXIiOiAwLA0KICAgICAgICAidHJpZ2dlcl9yZXR1cm4iOiAwICAgIH0sDQoJInJlc3VsdHNTbmFwVG8iOiAibGVmdCIsDQogICAgInJlc3VsdHMiOiB7DQogICAgICAgICJ3aWR0aCI6ICJhdXRvIiwNCiAgICAgICAgIndpZHRoX3RhYmxldCI6ICJhdXRvIiwNCiAgICAgICAgIndpZHRoX3Bob25lIjogImF1dG8iDQogICAgfSwNCgkic2V0dGluZ3NpbWFnZXBvcyI6ICJyaWdodCIsDQoJImNsb3NlT25Eb2NDbGljayI6IDEsDQoJIm92ZXJyaWRld3BkZWZhdWx0IjogMSwNCgkib3ZlcnJpZGVfbWV0aG9kIjogImdldCINCn0NCg==\"><\/div>\t<div id=\"asl_hidden_data\">\r\n\t\t<svg style=\"position:absolute\" height=\"0\" width=\"0\">\r\n\t\t\t<filter id=\"aslblur\">\r\n\t\t\t\t<feGaussianBlur in=\"SourceGraphic\" stdDeviation=\"4\"\/>\r\n\t\t\t<\/filter>\r\n\t\t<\/svg>\r\n\t\t<svg style=\"position:absolute\" height=\"0\" width=\"0\">\r\n\t\t\t<filter id=\"no_aslblur\"><\/filter>\r\n\t\t<\/svg>\r\n\t<\/div>\r\n\t<\/div>\r\n\r\n\t<div id='ajaxsearchliteres1'\r\n\t class='vertical wpdreams_asl_results asl_w asl_r asl_r_1 asl_r_1_1'>\r\n\r\n\t\r\n\t<div class=\"results\">\r\n\r\n\t\t\r\n\t\t<div class=\"resdrg\">\r\n\t\t<\/div>\r\n\r\n\t\t\r\n\t<\/div>\r\n\r\n\t\r\n\t\r\n<\/div>\r\n\r\n\t<div id='__original__ajaxsearchlitesettings1'\r\n\t\t data-id=\"1\"\r\n\t\t class=\"searchsettings wpdreams_asl_settings asl_w asl_s asl_s_1\">\r\n\t\t<form name='options'\r\n\t  aria-label=\"Search settings form\"\r\n\t  autocomplete = 'off'>\r\n\r\n\t\r\n\t\r\n\t<input type=\"hidden\" name=\"filters_changed\" style=\"display:none;\" value=\"0\">\r\n\t<input type=\"hidden\" name=\"filters_initial\" style=\"display:none;\" value=\"1\">\r\n\r\n\t<div class=\"asl_option_inner hiddend\">\r\n\t\t<input type='hidden' name='qtranslate_lang' id='qtranslate_lang1'\r\n\t\t\t   value='0'\/>\r\n\t<\/div>\r\n\r\n\t\r\n\t\r\n\t<fieldset class=\"asl_sett_scroll\">\r\n\t\t<legend style=\"display: none;\">Generic selectors<\/legend>\r\n\t\t<div class=\"asl_option\">\r\n\t\t\t<div class=\"asl_option_inner\">\r\n\t\t\t\t<input type=\"checkbox\" value=\"exact\"\r\n\t\t\t\t\t   aria-label=\"Exact matches only\"\r\n\t\t\t\t\t   name=\"asl_gen[]\" \/>\r\n\t\t\t\t<div class=\"asl_option_checkbox\"><\/div>\r\n\t\t\t<\/div>\r\n\t\t\t<div class=\"asl_option_label\">\r\n\t\t\t\tExact matches only\t\t\t<\/div>\r\n\t\t<\/div>\r\n\t\t<div class=\"asl_option\">\r\n\t\t\t<div class=\"asl_option_inner\">\r\n\t\t\t\t<input type=\"checkbox\" value=\"title\"\r\n\t\t\t\t\t   aria-label=\"Search in title\"\r\n\t\t\t\t\t   name=\"asl_gen[]\"  checked=\"checked\"\/>\r\n\t\t\t\t<div class=\"asl_option_checkbox\"><\/div>\r\n\t\t\t<\/div>\r\n\t\t\t<div class=\"asl_option_label\">\r\n\t\t\t\tSearch in title\t\t\t<\/div>\r\n\t\t<\/div>\r\n\t\t<div class=\"asl_option\">\r\n\t\t\t<div class=\"asl_option_inner\">\r\n\t\t\t\t<input type=\"checkbox\" value=\"content\"\r\n\t\t\t\t\t   aria-label=\"Search in content\"\r\n\t\t\t\t\t   name=\"asl_gen[]\"  checked=\"checked\"\/>\r\n\t\t\t\t<div class=\"asl_option_checkbox\"><\/div>\r\n\t\t\t<\/div>\r\n\t\t\t<div class=\"asl_option_label\">\r\n\t\t\t\tSearch in content\t\t\t<\/div>\r\n\t\t<\/div>\r\n\t\t<div class=\"asl_option_inner hiddend\">\r\n\t\t\t<input type=\"checkbox\" value=\"excerpt\"\r\n\t\t\t\t   aria-label=\"Search in excerpt\"\r\n\t\t\t\t   name=\"asl_gen[]\"  checked=\"checked\"\/>\r\n\t\t\t<div class=\"asl_option_checkbox\"><\/div>\r\n\t\t<\/div>\r\n\t<\/fieldset>\r\n\t<fieldset class=\"asl_sett_scroll\">\r\n\t\t<legend style=\"display: none;\">Post Type Selectors<\/legend>\r\n\t\t\t\t\t<div class=\"asl_option_inner hiddend\">\r\n\t\t\t\t<input type=\"checkbox\" value=\"post\"\r\n\t\t\t\t\t   aria-label=\"Hidden option, ignore please\"\r\n\t\t\t\t\t   name=\"customset[]\" checked=\"checked\"\/>\r\n\t\t\t<\/div>\r\n\t\t\t\t\t\t<div class=\"asl_option_inner hiddend\">\r\n\t\t\t\t<input type=\"checkbox\" value=\"page\"\r\n\t\t\t\t\t   aria-label=\"Hidden option, ignore please\"\r\n\t\t\t\t\t   name=\"customset[]\" checked=\"checked\"\/>\r\n\t\t\t<\/div>\r\n\t\t\t\t<\/fieldset>\r\n\t<\/form>\r\n\t<\/div>\r\n<\/div><\/div>\n\t\t\t\t<\/div>\n\t\t\t\t<\/div>\n\t\t\t\t\t<\/div>\n\t\t<\/div>\n\t\t\t\t\t\t\t<\/div>\n\t\t<\/section>\n\t\t\t\t<section class=\"elementor-section elementor-top-section elementor-element elementor-element-06ab388 elementor-section-boxed elementor-section-height-default elementor-section-height-default\" data-id=\"06ab388\" data-element_type=\"section\" data-settings=\"{&quot;background_background&quot;:&quot;classic&quot;}\">\n\t\t\t\t\t\t<div class=\"elementor-container elementor-column-gap-default\">\n\t\t\t\t\t<div class=\"elementor-column elementor-col-100 elementor-top-column elementor-element elementor-element-62405f8\" data-id=\"62405f8\" data-element_type=\"column\">\n\t\t\t<div class=\"elementor-widget-wrap elementor-element-populated\">\n\t\t\t\t\t\t\t\t<div class=\"elementor-element elementor-element-f830bf8 elementor-widget elementor-widget-heading\" data-id=\"f830bf8\" data-element_type=\"widget\" data-widget_type=\"heading.default\">\n\t\t\t\t<div class=\"elementor-widget-container\">\n\t\t\t<style>\/*! elementor - v3.15.0 - 02-08-2023 *\/\n.elementor-heading-title{padding:0;margin:0;line-height:1}.elementor-widget-heading .elementor-heading-title[class*=elementor-size-]>a{color:inherit;font-size:inherit;line-height:inherit}.elementor-widget-heading .elementor-heading-title.elementor-size-small{font-size:15px}.elementor-widget-heading .elementor-heading-title.elementor-size-medium{font-size:19px}.elementor-widget-heading .elementor-heading-title.elementor-size-large{font-size:29px}.elementor-widget-heading .elementor-heading-title.elementor-size-xl{font-size:39px}.elementor-widget-heading .elementor-heading-title.elementor-size-xxl{font-size:59px}<\/style><h2 class=\"elementor-heading-title elementor-size-default\">MONIFIT GOLD<\/h2>\t\t<\/div>\n\t\t\t\t<\/div>\n\t\t\t\t\t<\/div>\n\t\t<\/div>\n\t\t\t\t\t\t\t<\/div>\n\t\t<\/section>\n\t\t\t\t<section class=\"elementor-section elementor-top-section elementor-element elementor-element-344170e elementor-section-boxed elementor-section-height-default elementor-section-height-default\" data-id=\"344170e\" data-element_type=\"section\" data-settings=\"{&quot;background_background&quot;:&quot;classic&quot;}\">\n\t\t\t\t\t\t<div class=\"elementor-container elementor-column-gap-default\">\n\t\t\t\t\t<div class=\"elementor-column elementor-col-50 elementor-top-column elementor-element elementor-element-1b899f0\" data-id=\"1b899f0\" data-element_type=\"column\" data-settings=\"{&quot;background_background&quot;:&quot;classic&quot;}\">\n\t\t\t<div class=\"elementor-widget-wrap elementor-element-populated\">\n\t\t\t\t\t\t\t\t<div class=\"elementor-element elementor-element-71a5ead elementor-widget elementor-widget-heading\" data-id=\"71a5ead\" data-element_type=\"widget\" data-widget_type=\"heading.default\">\n\t\t\t\t<div class=\"elementor-widget-container\">\n\t\t\t<h2 class=\"elementor-heading-title elementor-size-default\">Treinos AO VIVO<\/h2>\t\t<\/div>\n\t\t\t\t<\/div>\n\t\t\t\t<div class=\"elementor-element elementor-element-ab146bf elementor-widget elementor-widget-text-editor\" data-id=\"ab146bf\" data-element_type=\"widget\" data-widget_type=\"text-editor.default\">\n\t\t\t\t<div class=\"elementor-widget-container\">\n\t\t\t<style>\/*! elementor - v3.15.0 - 02-08-2023 *\/\n.elementor-widget-text-editor.elementor-drop-cap-view-stacked .elementor-drop-cap{background-color:#69727d;color:#fff}.elementor-widget-text-editor.elementor-drop-cap-view-framed .elementor-drop-cap{color:#69727d;border:3px solid;background-color:transparent}.elementor-widget-text-editor:not(.elementor-drop-cap-view-default) .elementor-drop-cap{margin-top:8px}.elementor-widget-text-editor:not(.elementor-drop-cap-view-default) .elementor-drop-cap-letter{width:1em;height:1em}.elementor-widget-text-editor .elementor-drop-cap{float:left;text-align:center;line-height:1;font-size:50px}.elementor-widget-text-editor .elementor-drop-cap-letter{display:inline-block}<\/style>\t\t\t\t<ul><li>ABDOMINAL (segunda quarta e sexta)<\/li><li>RITBOX (de segunda a sexta)<\/li><li>MEMBROS SUPERIORES<\/li><li>CARDIO<\/li><\/ul>\t\t\t\t\t\t<\/div>\n\t\t\t\t<\/div>\n\t\t\t\t\t<\/div>\n\t\t<\/div>\n\t\t\t\t<div class=\"elementor-column elementor-col-50 elementor-top-column elementor-element elementor-element-7aacc08\" data-id=\"7aacc08\" data-element_type=\"column\" data-settings=\"{&quot;background_background&quot;:&quot;classic&quot;}\">\n\t\t\t<div class=\"elementor-widget-wrap elementor-element-populated\">\n\t\t\t\t\t\t\t\t<div class=\"elementor-element elementor-element-2b401b6 elementor-widget elementor-widget-heading\" data-id=\"2b401b6\" data-element_type=\"widget\" data-widget_type=\"heading.default\">\n\t\t\t\t<div class=\"elementor-widget-container\">\n\t\t\t<h2 class=\"elementor-heading-title elementor-size-default\">Treinos GRAVADOS<\/h2>\t\t<\/div>\n\t\t\t\t<\/div>\n\t\t\t\t<div class=\"elementor-element elementor-element-78c68a8 elementor-widget elementor-widget-text-editor\" data-id=\"78c68a8\" data-element_type=\"widget\" data-widget_type=\"text-editor.default\">\n\t\t\t\t<div class=\"elementor-widget-container\">\n\t\t\t\t\t\t\t<p>AP\u00d3S AO VIVO TODOS OS TREINOS (COM EXCE\u00c7\u00c3O DOS RITBOX FICAM GRAVADOS DURANTE O PERIODO DA SUA ASSINATURA.<\/p>\t\t\t\t\t\t<\/div>\n\t\t\t\t<\/div>\n\t\t\t\t\t<\/div>\n\t\t<\/div>\n\t\t\t\t\t\t\t<\/div>\n\t\t<\/section>\n\t\t\t\t<section class=\"elementor-section elementor-top-section elementor-element elementor-element-783b5ff elementor-section-boxed elementor-section-height-default elementor-section-height-default\" data-id=\"783b5ff\" data-element_type=\"section\" data-settings=\"{&quot;background_background&quot;:&quot;classic&quot;}\">\n\t\t\t\t\t\t<div class=\"elementor-container elementor-column-gap-default\">\n\t\t\t\t\t<div class=\"elementor-column elementor-col-50 elementor-top-column elementor-element elementor-element-df5d1b7\" data-id=\"df5d1b7\" data-element_type=\"column\" data-settings=\"{&quot;background_background&quot;:&quot;classic&quot;}\">\n\t\t\t<div class=\"elementor-widget-wrap elementor-element-populated\">\n\t\t\t\t\t\t\t\t<div class=\"elementor-element elementor-element-7e3ea7b elementor-widget elementor-widget-heading\" data-id=\"7e3ea7b\" data-element_type=\"widget\" data-widget_type=\"heading.default\">\n\t\t\t\t<div class=\"elementor-widget-container\">\n\t\t\t<h2 class=\"elementor-heading-title elementor-size-default\">MENTORIAS<\/h2>\t\t<\/div>\n\t\t\t\t<\/div>\n\t\t\t\t<div class=\"elementor-element elementor-element-32145b2 elementor-widget elementor-widget-text-editor\" data-id=\"32145b2\" data-element_type=\"widget\" data-widget_type=\"text-editor.default\">\n\t\t\t\t<div class=\"elementor-widget-container\">\n\t\t\t\t\t\t\t<ul>\n<li>Mentoria Nutricional&nbsp;<\/li>\n<li>Mentoria Padr\u00e3o de Movimento&nbsp;<\/li>\n<li>Mentoria Mentalidade Magra&nbsp;<\/li>\n<\/ul>\t\t\t\t\t\t<\/div>\n\t\t\t\t<\/div>\n\t\t\t\t\t<\/div>\n\t\t<\/div>\n\t\t\t\t<div class=\"elementor-column elementor-col-50 elementor-top-column elementor-element elementor-element-f6c6f57\" data-id=\"f6c6f57\" data-element_type=\"column\" data-settings=\"{&quot;background_background&quot;:&quot;classic&quot;}\">\n\t\t\t<div class=\"elementor-widget-wrap elementor-element-populated\">\n\t\t\t\t\t\t\t\t<div class=\"elementor-element elementor-element-3235cbe elementor-widget elementor-widget-heading\" data-id=\"3235cbe\" data-element_type=\"widget\" data-widget_type=\"heading.default\">\n\t\t\t\t<div class=\"elementor-widget-container\">\n\t\t\t<h2 class=\"elementor-heading-title elementor-size-default\">EXTRAS<\/h2>\t\t<\/div>\n\t\t\t\t<\/div>\n\t\t\t\t<div class=\"elementor-element elementor-element-a33ff6c elementor-widget elementor-widget-text-editor\" data-id=\"a33ff6c\" data-element_type=\"widget\" data-widget_type=\"text-editor.default\">\n\t\t\t\t<div class=\"elementor-widget-container\">\n\t\t\t\t\t\t\t<ul><li>Grupo Motivacional<\/li><li>Receitas<\/li><li>Protocolo Detox<\/li><li>Protocolo Jejum Intermitente<\/li><\/ul>\t\t\t\t\t\t<\/div>\n\t\t\t\t<\/div>\n\t\t\t\t\t<\/div>\n\t\t<\/div>\n\t\t\t\t\t\t\t<\/div>\n\t\t<\/section>\n\t\t\t\t<section class=\"elementor-section elementor-top-section elementor-element elementor-element-1fbfcdb elementor-section-boxed elementor-section-height-default elementor-section-height-default\" data-id=\"1fbfcdb\" data-element_type=\"section\" data-settings=\"{&quot;background_background&quot;:&quot;classic&quot;}\">\n\t\t\t\t\t\t<div class=\"elementor-container elementor-column-gap-default\">\n\t\t\t\t\t<div class=\"elementor-column elementor-col-100 elementor-top-column elementor-element elementor-element-f4463f8\" data-id=\"f4463f8\" data-element_type=\"column\">\n\t\t\t<div class=\"elementor-widget-wrap elementor-element-populated\">\n\t\t\t\t\t\t\t\t<div class=\"elementor-element elementor-element-31c94fb elementor-widget elementor-widget-heading\" data-id=\"31c94fb\" data-element_type=\"widget\" data-widget_type=\"heading.default\">\n\t\t\t\t<div class=\"elementor-widget-container\">\n\t\t\t<h2 class=\"elementor-heading-title elementor-size-default\">monifit smart <\/h2>\t\t<\/div>\n\t\t\t\t<\/div>\n\t\t\t\t\t<\/div>\n\t\t<\/div>\n\t\t\t\t\t\t\t<\/div>\n\t\t<\/section>\n\t\t\t\t<section class=\"elementor-section elementor-top-section elementor-element elementor-element-701d898 elementor-section-boxed elementor-section-height-default elementor-section-height-default\" data-id=\"701d898\" data-element_type=\"section\" data-settings=\"{&quot;background_background&quot;:&quot;classic&quot;}\">\n\t\t\t\t\t\t<div class=\"elementor-container elementor-column-gap-default\">\n\t\t\t\t\t<div class=\"elementor-column elementor-col-50 elementor-top-column elementor-element elementor-element-7a7729f\" data-id=\"7a7729f\" data-element_type=\"column\" data-settings=\"{&quot;background_background&quot;:&quot;classic&quot;}\">\n\t\t\t<div class=\"elementor-widget-wrap elementor-element-populated\">\n\t\t\t\t\t\t\t\t<div class=\"elementor-element elementor-element-b142c97 elementor-widget elementor-widget-heading\" data-id=\"b142c97\" data-element_type=\"widget\" data-widget_type=\"heading.default\">\n\t\t\t\t<div class=\"elementor-widget-container\">\n\t\t\t<h2 class=\"elementor-heading-title elementor-size-default\">Treinos AO VIVO<\/h2>\t\t<\/div>\n\t\t\t\t<\/div>\n\t\t\t\t<div class=\"elementor-element elementor-element-e496e45 elementor-widget elementor-widget-text-editor\" data-id=\"e496e45\" data-element_type=\"widget\" data-widget_type=\"text-editor.default\">\n\t\t\t\t<div class=\"elementor-widget-container\">\n\t\t\t\t\t\t\t<ul><li>RITBOX Iniciantes 30min (de segunda a sexta)<\/li><\/ul>\t\t\t\t\t\t<\/div>\n\t\t\t\t<\/div>\n\t\t\t\t\t<\/div>\n\t\t<\/div>\n\t\t\t\t<div class=\"elementor-column elementor-col-50 elementor-top-column elementor-element elementor-element-f3e3f7a\" data-id=\"f3e3f7a\" data-element_type=\"column\" data-settings=\"{&quot;background_background&quot;:&quot;classic&quot;}\">\n\t\t\t<div class=\"elementor-widget-wrap elementor-element-populated\">\n\t\t\t\t\t\t\t\t<div class=\"elementor-element elementor-element-5660fbe elementor-widget elementor-widget-heading\" data-id=\"5660fbe\" data-element_type=\"widget\" data-widget_type=\"heading.default\">\n\t\t\t\t<div class=\"elementor-widget-container\">\n\t\t\t<h2 class=\"elementor-heading-title elementor-size-default\">EXTRAS<\/h2>\t\t<\/div>\n\t\t\t\t<\/div>\n\t\t\t\t<div class=\"elementor-element elementor-element-85bdae4 elementor-widget elementor-widget-text-editor\" data-id=\"85bdae4\" data-element_type=\"widget\" data-widget_type=\"text-editor.default\">\n\t\t\t\t<div class=\"elementor-widget-container\">\n\t\t\t\t\t\t\t<ul>\n<li>Grupo Motivacional<\/li><li>Plano alimentar<\/li>\n<\/ul>\t\t\t\t\t\t<\/div>\n\t\t\t\t<\/div>\n\t\t\t\t\t<\/div>\n\t\t<\/div>\n\t\t\t\t\t\t\t<\/div>\n\t\t<\/section>\n\t\t\t\t\t\t\t<\/div>\n\t\t","protected":false},"excerpt":{"rendered":"<p>MONIFIT GOLD Treinos AO VIVO ABDOMINAL (segunda quarta e sexta) RITBOX (de segunda a sexta) MEMBROS SUPERIORES CARDIO Treinos GRAVADOS AP\u00d3S AO VIVO TODOS OS TREINOS (COM EXCE\u00c7\u00c3O DOS RITBOX FICAM GRAVADOS DURANTE O PERIODO DA SUA ASSINATURA. MENTORIAS Mentoria Nutricional&nbsp; Mentoria Padr\u00e3o de Movimento&nbsp; Mentoria Mentalidade Magra&nbsp; EXTRAS Grupo Motivacional Receitas Protocolo Detox Protocolo [&hellip;]<\/p>\n","protected":false},"author":1,"featured_media":0,"parent":0,"menu_order":0,"comment_status":"closed","ping_status":"closed","template":"","meta":[],"_links":{"self":[{"href":"https:\/\/moniquecarvalhocoach.com.br\/faq\/index.php\/wp-json\/wp\/v2\/pages\/544"}],"collection":[{"href":"https:\/\/moniquecarvalhocoach.com.br\/faq\/index.php\/wp-json\/wp\/v2\/pages"}],"about":[{"href":"https:\/\/moniquecarvalhocoach.com.br\/faq\/index.php\/wp-json\/wp\/v2\/types\/page"}],"author":[{"embeddable":true,"href":"https:\/\/moniquecarvalhocoach.com.br\/faq\/index.php\/wp-json\/wp\/v2\/users\/1"}],"replies":[{"embeddable":true,"href":"https:\/\/moniquecarvalhocoach.com.br\/faq\/index.php\/wp-json\/wp\/v2\/comments?post=544"}],"version-history":[{"count":49,"href":"https:\/\/moniquecarvalhocoach.com.br\/faq\/index.php\/wp-json\/wp\/v2\/pages\/544\/revisions"}],"predecessor-version":[{"id":657,"href":"https:\/\/moniquecarvalhocoach.com.br\/faq\/index.php\/wp-json\/wp\/v2\/pages\/544\/revisions\/657"}],"wp:attachment":[{"href":"https:\/\/moniquecarvalhocoach.com.br\/faq\/index.php\/wp-json\/wp\/v2\/media?parent=544"}],"curies":[{"name":"wp","href":"https:\/\/api.w.org\/{rel}","templated":true}]}}